{"id":29,"date":"2024-03-07T15:48:49","date_gmt":"2024-03-07T14:48:49","guid":{"rendered":"https:\/\/netdomy.pl\/szukam\/?page_id=29"},"modified":"2025-02-19T16:23:51","modified_gmt":"2025-02-19T15:23:51","slug":"dodaj-lokalizacje","status":"publish","type":"page","link":"https:\/\/netdomy.pl\/szukam\/dodaj-lokalizacje\/","title":{"rendered":"Dodaj lokalizacj\u0119"},"content":{"rendered":"\n<h3 class=\"wp-block-heading\">Uzupe\u0142nij kilka informacji o nieruchomo\u015bci kt\u00f3rej szukasz, oraz zaznacz na mapie obszar kt\u00f3rym jeste\u015b zainteresowany.  <\/h3>\n\n\n<div class=\"ich-settings-main-wrap\">\n\t<div id=\"login-page\">\n\t\t<div class=\"box\">\t\n\t\t\t<form id=\"rem-login-form\" data-ajaxurl=\"https:\/\/netdomy.pl\/szukam\/wp-admin\/admin-ajax.php\" data-redirect=\"\">\n\t\t\t\t<p class=\"title\">Zaloguj si\u0119 aby doda\u0107 lokalizacj\u0119 gdzie szukasz nieruchomo\u015bci<\/p>\n\t\t\t\t<div class=\"field\">\n\t\t\t\t\t<input type=\"hidden\" value=\"rem_user_login\" name=\"action\">\t\n\t\t\t\t\t<input type=\"text\" required placeholder=\"Nazwa u\u017cytkownika lub e-mail\" name=\"rem_username\" class=\"form-control\" id=\"email\">\n\t\t\t\t\t<i class=\"fa fa-user user\"><\/i>\n\t\t\t\t<\/div>\n\t\t\t\t<div class=\"field\">\n\t\t\t\t\t<input type=\"password\" required placeholder=\"Has\u0142o\" name=\"rem_userpass\" class=\"form-control\" id=\"password\">\n\t\t\t\t\t<i class=\"fa fa-ellipsis-h\"><\/i>\n\t\t\t\t<\/div>\n\t\t\t\t\t\t\t\t\t<script src='https:\/\/www.google.com\/recaptcha\/api.js'><\/script>\n\t\t\t\t\t<div class=\"field\">\n\t\t\t\t\t\t<div class=\"g-recaptcha\" data-sitekey=\"6LeUQC0pAAAAACIBmm3S1pBJ6SG3V5UlMuOQ7mEc\"><\/div>\n\t\t\t\t\t<\/div>\n\t\t\t\t\t\t\t\t<div class=\"field footer-form text-right\">\n\t\t\t\t\t<span class=\"remember\"><input class=\"labelauty\" name=\"rememberme\" type=\"checkbox\" data-labelauty=\"Zapami\u0119taj mnie\"><\/span>\n\t\t\t\t\t<button class=\"btn btn-default button-form\" type=\"submit\">Zaloguj si\u0119<\/button>\n\t\t\t\t<\/div>\n\n\n\t\t\t\t<div class=\"alert with-icon login-alert alert-danger\" role=\"alert\" style=\"display:none;\">\n\t\t\t\t\t<i class=\"icon fa fa-exclamation-triangle\"><\/i>\n\t\t\t\t\t<span class=\"login-status\" style=\"margin-top: 12px;margin-left: 10px;\"><\/span>\n\t\t\t\t<\/div>\n\n\t\t\t<\/form>\n\t\t<\/div>\t\n\t<\/div>\n<\/div> <\/p>\n<p class=\"has-text-align-center\">Je\u015bli nie masz konta, zarejestruj si\u0119 na stronie Netdomy.pl i dodawaj nowe og\u0142oszenia o nieruchomo\u015bciach > <a href=\"https:\/\/netdomy.pl\/rejestracja\/\">REJESTRACJA KONTA<\/a><br \/>\n<a href=\"https:\/\/netdomy.pl\/moje-konto\/lost-password\/\">Nie pami\u0119tasz has\u0142a?<\/a>\n<\/p>\n<p>\n\n\n\n<p><\/p>\n","protected":false},"excerpt":{"rendered":"<p>Uzupe\u0142nij kilka informacji o nieruchomo\u015bci kt\u00f3rej szukasz, oraz zaznacz na mapie obszar kt\u00f3rym jeste\u015b zainteresowany.<\/p>\n","protected":false},"author":1,"featured_media":0,"parent":0,"menu_order":0,"comment_status":"closed","ping_status":"closed","template":"","meta":{"_kad_post_transparent":"","_kad_post_title":"","_kad_post_layout":"","_kad_post_sidebar_id":"","_kad_post_content_style":"","_kad_post_vertical_padding":"","_kad_post_feature":"","_kad_post_feature_position":"","_kad_post_header":false,"_kad_post_footer":false,"_kad_post_classname":"","footnotes":""},"class_list":["post-29","page","type-page","status-publish","hentry"],"yoast_head":"<!-- This site is optimized with the Yoast SEO plugin v27.3 - https:\/\/yoast.com\/product\/yoast-seo-wordpress\/ -->\n<title>Dodaj lokalizacj\u0119 - Szukam nieruchomo\u015bci<\/title>\n<meta name=\"robots\" content=\"index, follow, max-snippet:-1, max-image-preview:large, max-video-preview:-1\" \/>\n<link rel=\"canonical\" href=\"https:\/\/netdomy.pl\/szukam\/dodaj-lokalizacje\/\" \/>\n<meta property=\"og:locale\" content=\"pl_PL\" \/>\n<meta property=\"og:type\" content=\"article\" \/>\n<meta property=\"og:title\" content=\"Dodaj lokalizacj\u0119 - Szukam nieruchomo\u015bci\" \/>\n<meta property=\"og:description\" content=\"Uzupe\u0142nij kilka informacji o nieruchomo\u015bci kt\u00f3rej szukasz, oraz zaznacz na mapie obszar kt\u00f3rym jeste\u015b zainteresowany.\" \/>\n<meta property=\"og:url\" content=\"https:\/\/netdomy.pl\/szukam\/dodaj-lokalizacje\/\" \/>\n<meta property=\"og:site_name\" content=\"Szukam nieruchomo\u015bci\" \/>\n<meta property=\"article:modified_time\" content=\"2025-02-19T15:23:51+00:00\" \/>\n<meta name=\"twitter:card\" content=\"summary_large_image\" \/>\n<meta name=\"twitter:label1\" content=\"Szacowany czas czytania\" \/>\n\t<meta name=\"twitter:data1\" content=\"1 minuta\" \/>\n<script type=\"application\/ld+json\" class=\"yoast-schema-graph\">{\"@context\":\"https:\\\/\\\/schema.org\",\"@graph\":[{\"@type\":\"WebPage\",\"@id\":\"https:\\\/\\\/netdomy.pl\\\/szukam\\\/dodaj-lokalizacje\\\/\",\"url\":\"https:\\\/\\\/netdomy.pl\\\/szukam\\\/dodaj-lokalizacje\\\/\",\"name\":\"Dodaj lokalizacj\u0119 - Szukam nieruchomo\u015bci\",\"isPartOf\":{\"@id\":\"https:\\\/\\\/netdomy.pl\\\/szukam\\\/#website\"},\"datePublished\":\"2024-03-07T14:48:49+00:00\",\"dateModified\":\"2025-02-19T15:23:51+00:00\",\"inLanguage\":\"pl-PL\",\"potentialAction\":[{\"@type\":\"ReadAction\",\"target\":[\"https:\\\/\\\/netdomy.pl\\\/szukam\\\/dodaj-lokalizacje\\\/\"]}]},{\"@type\":\"WebSite\",\"@id\":\"https:\\\/\\\/netdomy.pl\\\/szukam\\\/#website\",\"url\":\"https:\\\/\\\/netdomy.pl\\\/szukam\\\/\",\"name\":\"Szukam nieruchomo\u015bci\",\"description\":\"Szukasz nieruchomo\u015bci - Dodaj og\u0142oszenie\",\"publisher\":{\"@id\":\"https:\\\/\\\/netdomy.pl\\\/szukam\\\/#organization\"},\"alternateName\":\"Kupi\u0119, wynajm\u0119 nieruchomo\u015b\u0107\",\"potentialAction\":[{\"@type\":\"SearchAction\",\"target\":{\"@type\":\"EntryPoint\",\"urlTemplate\":\"https:\\\/\\\/netdomy.pl\\\/szukam\\\/?s={search_term_string}\"},\"query-input\":{\"@type\":\"PropertyValueSpecification\",\"valueRequired\":true,\"valueName\":\"search_term_string\"}}],\"inLanguage\":\"pl-PL\"},{\"@type\":\"Organization\",\"@id\":\"https:\\\/\\\/netdomy.pl\\\/szukam\\\/#organization\",\"name\":\"Netdomy - Nieruchomo\u015bci na sprzeda\u017c\",\"url\":\"https:\\\/\\\/netdomy.pl\\\/szukam\\\/\",\"logo\":{\"@type\":\"ImageObject\",\"inLanguage\":\"pl-PL\",\"@id\":\"https:\\\/\\\/netdomy.pl\\\/szukam\\\/#\\\/schema\\\/logo\\\/image\\\/\",\"url\":\"https:\\\/\\\/netdomy.pl\\\/szukam\\\/wp-content\\\/uploads\\\/sites\\\/4\\\/2024\\\/03\\\/Netdomy_logo_domy_dzialki_sprzedam_small.webp\",\"contentUrl\":\"https:\\\/\\\/netdomy.pl\\\/szukam\\\/wp-content\\\/uploads\\\/sites\\\/4\\\/2024\\\/03\\\/Netdomy_logo_domy_dzialki_sprzedam_small.webp\",\"width\":112,\"height\":112,\"caption\":\"Netdomy - Nieruchomo\u015bci na sprzeda\u017c\"},\"image\":{\"@id\":\"https:\\\/\\\/netdomy.pl\\\/szukam\\\/#\\\/schema\\\/logo\\\/image\\\/\"}}]}<\/script>\n<!-- \/ Yoast SEO plugin. -->","yoast_head_json":{"title":"Dodaj lokalizacj\u0119 - Szukam nieruchomo\u015bci","robots":{"index":"index","follow":"follow","max-snippet":"max-snippet:-1","max-image-preview":"max-image-preview:large","max-video-preview":"max-video-preview:-1"},"canonical":"https:\/\/netdomy.pl\/szukam\/dodaj-lokalizacje\/","og_locale":"pl_PL","og_type":"article","og_title":"Dodaj lokalizacj\u0119 - Szukam nieruchomo\u015bci","og_description":"Uzupe\u0142nij kilka informacji o nieruchomo\u015bci kt\u00f3rej szukasz, oraz zaznacz na mapie obszar kt\u00f3rym jeste\u015b zainteresowany.","og_url":"https:\/\/netdomy.pl\/szukam\/dodaj-lokalizacje\/","og_site_name":"Szukam nieruchomo\u015bci","article_modified_time":"2025-02-19T15:23:51+00:00","twitter_card":"summary_large_image","twitter_misc":{"Szacowany czas czytania":"1 minuta"},"schema":{"@context":"https:\/\/schema.org","@graph":[{"@type":"WebPage","@id":"https:\/\/netdomy.pl\/szukam\/dodaj-lokalizacje\/","url":"https:\/\/netdomy.pl\/szukam\/dodaj-lokalizacje\/","name":"Dodaj lokalizacj\u0119 - Szukam nieruchomo\u015bci","isPartOf":{"@id":"https:\/\/netdomy.pl\/szukam\/#website"},"datePublished":"2024-03-07T14:48:49+00:00","dateModified":"2025-02-19T15:23:51+00:00","inLanguage":"pl-PL","potentialAction":[{"@type":"ReadAction","target":["https:\/\/netdomy.pl\/szukam\/dodaj-lokalizacje\/"]}]},{"@type":"WebSite","@id":"https:\/\/netdomy.pl\/szukam\/#website","url":"https:\/\/netdomy.pl\/szukam\/","name":"Szukam nieruchomo\u015bci","description":"Szukasz nieruchomo\u015bci - Dodaj og\u0142oszenie","publisher":{"@id":"https:\/\/netdomy.pl\/szukam\/#organization"},"alternateName":"Kupi\u0119, wynajm\u0119 nieruchomo\u015b\u0107","potentialAction":[{"@type":"SearchAction","target":{"@type":"EntryPoint","urlTemplate":"https:\/\/netdomy.pl\/szukam\/?s={search_term_string}"},"query-input":{"@type":"PropertyValueSpecification","valueRequired":true,"valueName":"search_term_string"}}],"inLanguage":"pl-PL"},{"@type":"Organization","@id":"https:\/\/netdomy.pl\/szukam\/#organization","name":"Netdomy - Nieruchomo\u015bci na sprzeda\u017c","url":"https:\/\/netdomy.pl\/szukam\/","logo":{"@type":"ImageObject","inLanguage":"pl-PL","@id":"https:\/\/netdomy.pl\/szukam\/#\/schema\/logo\/image\/","url":"https:\/\/netdomy.pl\/szukam\/wp-content\/uploads\/sites\/4\/2024\/03\/Netdomy_logo_domy_dzialki_sprzedam_small.webp","contentUrl":"https:\/\/netdomy.pl\/szukam\/wp-content\/uploads\/sites\/4\/2024\/03\/Netdomy_logo_domy_dzialki_sprzedam_small.webp","width":112,"height":112,"caption":"Netdomy - Nieruchomo\u015bci na sprzeda\u017c"},"image":{"@id":"https:\/\/netdomy.pl\/szukam\/#\/schema\/logo\/image\/"}}]}},"_links":{"self":[{"href":"https:\/\/netdomy.pl\/szukam\/wp-json\/wp\/v2\/pages\/29","targetHints":{"allow":["GET"]}}],"collection":[{"href":"https:\/\/netdomy.pl\/szukam\/wp-json\/wp\/v2\/pages"}],"about":[{"href":"https:\/\/netdomy.pl\/szukam\/wp-json\/wp\/v2\/types\/page"}],"author":[{"embeddable":true,"href":"https:\/\/netdomy.pl\/szukam\/wp-json\/wp\/v2\/users\/1"}],"replies":[{"embeddable":true,"href":"https:\/\/netdomy.pl\/szukam\/wp-json\/wp\/v2\/comments?post=29"}],"version-history":[{"count":0,"href":"https:\/\/netdomy.pl\/szukam\/wp-json\/wp\/v2\/pages\/29\/revisions"}],"wp:attachment":[{"href":"https:\/\/netdomy.pl\/szukam\/wp-json\/wp\/v2\/media?parent=29"}],"curies":[{"name":"wp","href":"https:\/\/api.w.org\/{rel}","templated":true}]}}