{"id":52,"date":"2024-02-07T15:51:35","date_gmt":"2024-02-07T14:51:35","guid":{"rendered":"https:\/\/netdomy.pl\/dzialki\/?page_id=52"},"modified":"2024-02-07T15:51:36","modified_gmt":"2024-02-07T14:51:36","slug":"edytuj-ogloszenie","status":"publish","type":"page","link":"https:\/\/netdomy.pl\/dzialki\/edytuj-ogloszenie\/","title":{"rendered":"Edytuj og\u0142oszenie"},"content":{"rendered":"\n","protected":false},"excerpt":{"rendered":"","protected":false},"author":1,"featured_media":0,"parent":0,"menu_order":0,"comment_status":"closed","ping_status":"closed","template":"","meta":{"_kad_post_transparent":"","_kad_post_title":"","_kad_post_layout":"","_kad_post_sidebar_id":"","_kad_post_content_style":"","_kad_post_vertical_padding":"","_kad_post_feature":"","_kad_post_feature_position":"","_kad_post_header":false,"_kad_post_footer":false,"_kad_post_classname":"","footnotes":""},"class_list":["post-52","page","type-page","status-publish","hentry"],"yoast_head":"<!-- This site is optimized with the Yoast SEO plugin v27.4 - https:\/\/yoast.com\/product\/yoast-seo-wordpress\/ -->\n<title>Edytuj og\u0142oszenie - Dzia\u0142ki na sprzeda\u017c<\/title>\n<meta name=\"robots\" content=\"index, follow, max-snippet:-1, max-image-preview:large, max-video-preview:-1\" \/>\n<link rel=\"canonical\" href=\"https:\/\/netdomy.pl\/dzialki\/edytuj-ogloszenie\/\" \/>\n<meta property=\"og:locale\" content=\"pl_PL\" \/>\n<meta property=\"og:type\" content=\"article\" \/>\n<meta property=\"og:title\" content=\"Edytuj og\u0142oszenie - Dzia\u0142ki na sprzeda\u017c\" \/>\n<meta property=\"og:url\" content=\"https:\/\/netdomy.pl\/dzialki\/edytuj-ogloszenie\/\" \/>\n<meta property=\"og:site_name\" content=\"Dzia\u0142ki na sprzeda\u017c\" \/>\n<meta property=\"article:modified_time\" content=\"2024-02-07T14:51:36+00:00\" \/>\n<meta property=\"og:image\" content=\"https:\/\/netdomy.pl\/dzialki\/wp-content\/uploads\/sites\/2\/2024\/02\/Netdomy_logo_domy_dzialki_sprzedam_512.webp\" \/>\n\t<meta property=\"og:image:width\" content=\"512\" \/>\n\t<meta property=\"og:image:height\" content=\"512\" \/>\n\t<meta property=\"og:image:type\" content=\"image\/webp\" \/>\n<meta name=\"twitter:card\" content=\"summary_large_image\" \/>\n<meta name=\"twitter:label1\" content=\"Szacowany czas czytania\" \/>\n\t<meta name=\"twitter:data1\" content=\"1 minuta\" \/>\n<script type=\"application\/ld+json\" class=\"yoast-schema-graph\">{\"@context\":\"https:\\\/\\\/schema.org\",\"@graph\":[{\"@type\":\"WebPage\",\"@id\":\"https:\\\/\\\/netdomy.pl\\\/dzialki\\\/edytuj-ogloszenie\\\/\",\"url\":\"https:\\\/\\\/netdomy.pl\\\/dzialki\\\/edytuj-ogloszenie\\\/\",\"name\":\"Edytuj og\u0142oszenie - Dzia\u0142ki na sprzeda\u017c\",\"isPartOf\":{\"@id\":\"https:\\\/\\\/netdomy.pl\\\/dzialki\\\/#website\"},\"datePublished\":\"2024-02-07T14:51:35+00:00\",\"dateModified\":\"2024-02-07T14:51:36+00:00\",\"inLanguage\":\"pl-PL\",\"potentialAction\":[{\"@type\":\"ReadAction\",\"target\":[\"https:\\\/\\\/netdomy.pl\\\/dzialki\\\/edytuj-ogloszenie\\\/\"]}]},{\"@type\":\"WebSite\",\"@id\":\"https:\\\/\\\/netdomy.pl\\\/dzialki\\\/#website\",\"url\":\"https:\\\/\\\/netdomy.pl\\\/dzialki\\\/\",\"name\":\"Dzia\u0142ki na sprzeda\u017c\",\"description\":\"Dzia\u0142ka na sprzeda\u017c\",\"publisher\":{\"@id\":\"https:\\\/\\\/netdomy.pl\\\/dzialki\\\/#organization\"},\"alternateName\":\"Dzia\u0142ki na sprzeda\u017c lub wynajem\",\"potentialAction\":[{\"@type\":\"SearchAction\",\"target\":{\"@type\":\"EntryPoint\",\"urlTemplate\":\"https:\\\/\\\/netdomy.pl\\\/dzialki\\\/?s={search_term_string}\"},\"query-input\":{\"@type\":\"PropertyValueSpecification\",\"valueRequired\":true,\"valueName\":\"search_term_string\"}}],\"inLanguage\":\"pl-PL\"},{\"@type\":\"Organization\",\"@id\":\"https:\\\/\\\/netdomy.pl\\\/dzialki\\\/#organization\",\"name\":\"Netdomy - Nieruchomo\u015bci na sprzeda\u017c\",\"url\":\"https:\\\/\\\/netdomy.pl\\\/dzialki\\\/\",\"logo\":{\"@type\":\"ImageObject\",\"inLanguage\":\"pl-PL\",\"@id\":\"https:\\\/\\\/netdomy.pl\\\/dzialki\\\/#\\\/schema\\\/logo\\\/image\\\/\",\"url\":\"https:\\\/\\\/netdomy.pl\\\/dzialki\\\/wp-content\\\/uploads\\\/sites\\\/2\\\/2024\\\/02\\\/Netdomy_logo_domy_dzialki_sprzedam_small.webp\",\"contentUrl\":\"https:\\\/\\\/netdomy.pl\\\/dzialki\\\/wp-content\\\/uploads\\\/sites\\\/2\\\/2024\\\/02\\\/Netdomy_logo_domy_dzialki_sprzedam_small.webp\",\"width\":112,\"height\":112,\"caption\":\"Netdomy - Nieruchomo\u015bci na sprzeda\u017c\"},\"image\":{\"@id\":\"https:\\\/\\\/netdomy.pl\\\/dzialki\\\/#\\\/schema\\\/logo\\\/image\\\/\"}}]}<\/script>\n<!-- \/ Yoast SEO plugin. -->","yoast_head_json":{"title":"Edytuj og\u0142oszenie - Dzia\u0142ki na sprzeda\u017c","robots":{"index":"index","follow":"follow","max-snippet":"max-snippet:-1","max-image-preview":"max-image-preview:large","max-video-preview":"max-video-preview:-1"},"canonical":"https:\/\/netdomy.pl\/dzialki\/edytuj-ogloszenie\/","og_locale":"pl_PL","og_type":"article","og_title":"Edytuj og\u0142oszenie - Dzia\u0142ki na sprzeda\u017c","og_url":"https:\/\/netdomy.pl\/dzialki\/edytuj-ogloszenie\/","og_site_name":"Dzia\u0142ki na sprzeda\u017c","article_modified_time":"2024-02-07T14:51:36+00:00","og_image":[{"width":512,"height":512,"url":"https:\/\/netdomy.pl\/dzialki\/wp-content\/uploads\/sites\/2\/2024\/02\/Netdomy_logo_domy_dzialki_sprzedam_512.webp","type":"image\/webp"}],"twitter_card":"summary_large_image","twitter_misc":{"Szacowany czas czytania":"1 minuta"},"schema":{"@context":"https:\/\/schema.org","@graph":[{"@type":"WebPage","@id":"https:\/\/netdomy.pl\/dzialki\/edytuj-ogloszenie\/","url":"https:\/\/netdomy.pl\/dzialki\/edytuj-ogloszenie\/","name":"Edytuj og\u0142oszenie - Dzia\u0142ki na sprzeda\u017c","isPartOf":{"@id":"https:\/\/netdomy.pl\/dzialki\/#website"},"datePublished":"2024-02-07T14:51:35+00:00","dateModified":"2024-02-07T14:51:36+00:00","inLanguage":"pl-PL","potentialAction":[{"@type":"ReadAction","target":["https:\/\/netdomy.pl\/dzialki\/edytuj-ogloszenie\/"]}]},{"@type":"WebSite","@id":"https:\/\/netdomy.pl\/dzialki\/#website","url":"https:\/\/netdomy.pl\/dzialki\/","name":"Dzia\u0142ki na sprzeda\u017c","description":"Dzia\u0142ka na sprzeda\u017c","publisher":{"@id":"https:\/\/netdomy.pl\/dzialki\/#organization"},"alternateName":"Dzia\u0142ki na sprzeda\u017c lub wynajem","potentialAction":[{"@type":"SearchAction","target":{"@type":"EntryPoint","urlTemplate":"https:\/\/netdomy.pl\/dzialki\/?s={search_term_string}"},"query-input":{"@type":"PropertyValueSpecification","valueRequired":true,"valueName":"search_term_string"}}],"inLanguage":"pl-PL"},{"@type":"Organization","@id":"https:\/\/netdomy.pl\/dzialki\/#organization","name":"Netdomy - Nieruchomo\u015bci na sprzeda\u017c","url":"https:\/\/netdomy.pl\/dzialki\/","logo":{"@type":"ImageObject","inLanguage":"pl-PL","@id":"https:\/\/netdomy.pl\/dzialki\/#\/schema\/logo\/image\/","url":"https:\/\/netdomy.pl\/dzialki\/wp-content\/uploads\/sites\/2\/2024\/02\/Netdomy_logo_domy_dzialki_sprzedam_small.webp","contentUrl":"https:\/\/netdomy.pl\/dzialki\/wp-content\/uploads\/sites\/2\/2024\/02\/Netdomy_logo_domy_dzialki_sprzedam_small.webp","width":112,"height":112,"caption":"Netdomy - Nieruchomo\u015bci na sprzeda\u017c"},"image":{"@id":"https:\/\/netdomy.pl\/dzialki\/#\/schema\/logo\/image\/"}}]}},"_links":{"self":[{"href":"https:\/\/netdomy.pl\/dzialki\/wp-json\/wp\/v2\/pages\/52","targetHints":{"allow":["GET"]}}],"collection":[{"href":"https:\/\/netdomy.pl\/dzialki\/wp-json\/wp\/v2\/pages"}],"about":[{"href":"https:\/\/netdomy.pl\/dzialki\/wp-json\/wp\/v2\/types\/page"}],"author":[{"embeddable":true,"href":"https:\/\/netdomy.pl\/dzialki\/wp-json\/wp\/v2\/users\/1"}],"replies":[{"embeddable":true,"href":"https:\/\/netdomy.pl\/dzialki\/wp-json\/wp\/v2\/comments?post=52"}],"version-history":[{"count":0,"href":"https:\/\/netdomy.pl\/dzialki\/wp-json\/wp\/v2\/pages\/52\/revisions"}],"wp:attachment":[{"href":"https:\/\/netdomy.pl\/dzialki\/wp-json\/wp\/v2\/media?parent=52"}],"curies":[{"name":"wp","href":"https:\/\/api.w.org\/{rel}","templated":true}]}}